{"id":1263,"date":"2024-06-27T10:45:42","date_gmt":"2024-06-27T09:45:42","guid":{"rendered":"https:\/\/educationconference.arts.ac.uk\/2024\/?page_id=1263"},"modified":"2024-07-03T14:29:21","modified_gmt":"2024-07-03T13:29:21","slug":"anniversary-celebrations","status":"publish","type":"page","link":"https:\/\/educationconference.arts.ac.uk\/2024\/anniversary-celebrations\/","title":{"rendered":"Celebrating 10 years"},"content":{"rendered":"\n<h2 class=\"wp-block-heading has-x-large-font-size\"><strong>Artist commissions<\/strong><\/h2>\n\n\n\n<p>To mark 10 years of the Conference Archive (2013-2023) and celebrate the incredible work produced and shared over the last decade, we have commissioned artworks by two artist-practitioners that respond to, interpret and draw inspiration from the archive. These will be exhibited in the Street at CSM.&nbsp;<\/p>\n\n\n\n<p class=\"has-link-color wp-elements-9691717ff99267a7140fc243884e3666\">Winners of this commission are <strong><a href=\"https:\/\/educationconference.arts.ac.uk\/2024\/blog\/stall\/ayse-koklu\/\">Ay\u015fe K\u00f6kl\u00fc<\/a><\/strong> and <a href=\"https:\/\/educationconference.arts.ac.uk\/2024\/blog\/stall\/lucia-conejero-rodilla\/\"><strong>Luc\u00eda Conejero Rodilla<\/strong><\/a>.<\/p>\n\n\n\n<h2 class=\"wp-block-heading has-x-large-font-size\"><strong>Stalls<\/strong><\/h2>\n\n\n\n<p>This year\u2019s Conference returns to an in-person format, a renewed opportunity to bring all UAL staff together. Stalls representing several staff networks and supporting teams will be present throughout the Conference. We will also have a renowned independent small press and an independent bookstore stall for you to browse.<\/p>\n\n\n\n<div class=\"wp-block-columns has-link-color wp-elements-e49f325bbf48e27e52632ef5fc97ab88 is-layout-flex wp-container-core-columns-is-layout-28f84493 wp-block-columns-is-layout-flex\">\n<div class=\"wp-block-column is-layout-flow wp-block-column-is-layout-flow\"><p class=\"gb-headline gb-headline-4d95521f gb-headline-text\"><a href=\"https:\/\/educationconference.arts.ac.uk\/2024\/blog\/stall\/tenement-press-and-no-university-press\/\">Tenement Press and No University Press<\/a><\/p><\/div>\n\n\n\n<div class=\"wp-block-column is-layout-flow wp-block-column-is-layout-flow\"><p class=\"gb-headline gb-headline-2da43023 gb-headline-text\"><a href=\"https:\/\/educationconference.arts.ac.uk\/2024\/blog\/stall\/books\/\">BOOKS<\/a><\/p><\/div>\n<\/div>\n\n\n\n<h2 class=\"wp-block-heading has-large-font-size\">Staff networks and stalls<\/h2>\n\n\n\n<div class=\"wp-block-columns has-link-color wp-elements-14472c213c5c60039c6cf4f3c0c484bf is-layout-flex wp-container-core-columns-is-layout-28f84493 wp-block-columns-is-layout-flex\">\n<div class=\"wp-block-column is-layout-flow wp-block-column-is-layout-flow\"><p class=\"gb-headline gb-headline-424efaa0 gb-headline-text\"><a href=\"https:\/\/educationconference.arts.ac.uk\/2024\/blog\/stall\/ual-parents-and-carers-staff-network\/\">UAL Parents and Carers Staff Network<\/a><\/p><\/div>\n\n\n\n<div class=\"wp-block-column is-layout-flow wp-block-column-is-layout-flow\">\n<p class=\"gb-headline gb-headline-93bd87bd gb-headline-text\"><a href=\"https:\/\/canvas.arts.ac.uk\/sites\/explore\/SitePage\/46465\/lgbtq-staff-network\">UAL LGBTQ+ Staff Network&nbsp;&nbsp;<\/a><\/p>\n<\/div>\n\n\n\n<div class=\"wp-block-column is-layout-flow wp-block-column-is-layout-flow\"><p class=\"gb-headline gb-headline-f8b10f6a gb-headline-text\"><a href=\"https:\/\/educationconference.arts.ac.uk\/2024\/blog\/stall\/arts-awards-2024-report\/\">Arts Awards 2024 Report\u00a0<\/a><\/p><\/div>\n<\/div>\n\n\n\n<div class=\"wp-block-columns has-link-color wp-elements-90ad117cba47b9d46b7b5e8014c1f8f8 is-layout-flex wp-container-core-columns-is-layout-28f84493 wp-block-columns-is-layout-flex\">\n<div class=\"wp-block-column is-layout-flow wp-block-column-is-layout-flow\"><p class=\"gb-headline gb-headline-ffd2b72f gb-headline-text\"><a href=\"https:\/\/educationconference.arts.ac.uk\/2024\/blog\/stall\/ual-disabled-and-neurodiverse-staff-network-dsn\/\">UAL Disabled and Neurodiverse Staff Network (DSN)\u00a0<\/a><\/p><\/div>\n\n\n\n<div class=\"wp-block-column is-layout-flow wp-block-column-is-layout-flow\"><p class=\"gb-headline gb-headline-f9ded3fc gb-headline-text\"><a href=\"https:\/\/educationconference.arts.ac.uk\/2024\/blog\/stall\/a-sharing-resources-and-practice-stall-with-the-exchanges-academic-enhancement-team\/\">A sharing resources and practice stall with the Exchange\u2019s Academic enhancement team<\/a><\/p><\/div>\n\n\n\n<div class=\"wp-block-column is-layout-flow wp-block-column-is-layout-flow\"><p class=\"gb-headline gb-headline-c2365e55 gb-headline-text\"><a href=\"https:\/\/educationconference.arts.ac.uk\/2024\/blog\/stall\/meet-the-climate-racial-and-social-justice-team\/\">Meet the Climate, Racial and Social Justice Team!<\/a><\/p><\/div>\n\n\n\n<div class=\"wp-block-column is-layout-flow wp-block-column-is-layout-flow\"><p class=\"gb-headline gb-headline-5d277001 gb-headline-text\"><a href=\"https:\/\/educationconference.arts.ac.uk\/2024\/blog\/stall\/get-to-know-gems-network\/\">Get to know GEMS network<\/a><\/p><\/div>\n<\/div>\n\n\n\n<h2 class=\"wp-block-heading has-large-font-size\">Academic Support Online stall<\/h2>\n\n\n\n<p>Academic Support Online (ASO) will also be present, celebrating their 10 years in policy and practice.<\/p>\n\n\n\n<div class=\"wp-block-columns has-link-color wp-elements-ad3edd10c93939745cafc7f000c4ba5c is-layout-flex wp-container-core-columns-is-layout-28f84493 wp-block-columns-is-layout-flex\">\n<div class=\"wp-block-column is-layout-flow wp-block-column-is-layout-flow\" style=\"flex-basis:100%\"><p class=\"gb-headline gb-headline-26cfe216 gb-headline-text\"><a href=\"https:\/\/educationconference.arts.ac.uk\/2024\/blog\/stall\/arts-learning-development-10-years-of-ual-wide-academic-support\/\">&#8216;Arts learning development&#8217;: 10 years of UAL-wide Academic Support<\/a><\/p><\/div>\n<\/div>\n\n\n\n<h2 class=\"wp-block-heading has-x-large-font-size\"><strong><strong>Evening Social<\/strong><\/strong><\/h2>\n\n\n\n<p>We will be hosting a celebration event in the Platform Bar at the close of the day, with drinks, non-alcoholic refreshments and music to enjoy. We hope this will offer plenty of opportunity to meet presenters, network with familiar colleagues or meet familiar faces from Teams, and forge new connections. Let\u2019s celebrate the incredible quality and diversity of educational practice research at the end of this academic year.&nbsp;<\/p>\n","protected":false},"excerpt":{"rendered":"<p>Artist commissions To mark 10 years of the Conference Archive (2013-2023) and celebrate the incredible work produced and shared over the last decade, we have commissioned artworks by two artist-practitioners that respond to, interpret and draw inspiration from the archive. These will be exhibited in the Street at CSM.&nbsp; Winners of this commission are Ay\u015fe [&hellip;]<\/p>\n","protected":false},"author":2,"featured_media":0,"parent":0,"menu_order":0,"comment_status":"closed","ping_status":"closed","template":"stalls","meta":{"_acf_changed":false,"_monsterinsights_skip_tracking":false,"_monsterinsights_sitenote_active":false,"_monsterinsights_sitenote_note":"","_monsterinsights_sitenote_category":0,"footnotes":""},"class_list":["post-1263","page","type-page","status-publish","hentry"],"acf":[],"_links":{"self":[{"href":"https:\/\/educationconference.arts.ac.uk\/2024\/wp-json\/wp\/v2\/pages\/1263","targetHints":{"allow":["GET"]}}],"collection":[{"href":"https:\/\/educationconference.arts.ac.uk\/2024\/wp-json\/wp\/v2\/pages"}],"about":[{"href":"https:\/\/educationconference.arts.ac.uk\/2024\/wp-json\/wp\/v2\/types\/page"}],"author":[{"embeddable":true,"href":"https:\/\/educationconference.arts.ac.uk\/2024\/wp-json\/wp\/v2\/users\/2"}],"replies":[{"embeddable":true,"href":"https:\/\/educationconference.arts.ac.uk\/2024\/wp-json\/wp\/v2\/comments?post=1263"}],"version-history":[{"count":25,"href":"https:\/\/educationconference.arts.ac.uk\/2024\/wp-json\/wp\/v2\/pages\/1263\/revisions"}],"predecessor-version":[{"id":1327,"href":"https:\/\/educationconference.arts.ac.uk\/2024\/wp-json\/wp\/v2\/pages\/1263\/revisions\/1327"}],"wp:attachment":[{"href":"https:\/\/educationconference.arts.ac.uk\/2024\/wp-json\/wp\/v2\/media?parent=1263"}],"curies":[{"name":"wp","href":"https:\/\/api.w.org\/{rel}","templated":true}]}}